{"id":8,"date":"2023-10-19T10:39:28","date_gmt":"2023-10-19T08:39:28","guid":{"rendered":"https:\/\/rvbaronnet8.wordpress.com\/a-propos\/"},"modified":"2024-02-10T10:03:17","modified_gmt":"2024-02-10T09:03:17","slug":"a-propos","status":"publish","type":"page","link":"https:\/\/balades-pedagogiques.fr\/?page_id=8\/","title":{"rendered":"\u00c0 propos"},"content":{"rendered":"\n<figure class=\"wp-block-image alignleft size-full is-resized\"><img loading=\"lazy\" decoding=\"async\" width=\"200\" height=\"200\" src=\"http:\/\/balades-pedagogiques.fr\/wp-content\/uploads\/2023\/11\/Balades-pedagogiques-200x200-1.png\" alt=\"\" class=\"wp-image-141\" style=\"width:144px;height:auto\" srcset=\"https:\/\/balades-pedagogiques.fr\/wp-content\/uploads\/2023\/11\/Balades-pedagogiques-200x200-1.png 200w, https:\/\/balades-pedagogiques.fr\/wp-content\/uploads\/2023\/11\/Balades-pedagogiques-200x200-1-150x150.png 150w\" sizes=\"auto, (max-width: 200px) 100vw, 200px\" \/><\/figure>\n\n\n\n<p class=\"has-text-align-right has-vivid-purple-color has-text-color has-link-color wp-elements-2be101742dda8a41a3920af1b910a49e\"><strong><em><a href=\"http:\/\/balades-pedagogiques.fr\/?page_id=176\" data-type=\"page\" data-id=\"176\">English version<\/a><\/em><\/strong><\/p>\n\n\n\n<p>Une <strong>balade p\u00e9dagogique<\/strong> est une <strong>activit\u00e9 \u00e9ducative<\/strong> qui se d\u00e9roule en <strong>dehors<\/strong> de l&rsquo;environnement scolaire. Elle a pour but d&rsquo;enseigner aux \u00e9l\u00e8ves des savoirs de mani\u00e8re <strong>interactive<\/strong>, <strong>concr\u00e8te <\/strong>et <strong>m\u00e9morable<\/strong>.<br>Les balades p\u00e9dagogiques peuvent prendre diverses formes, telles que des promenades dans le quartier autour de l\u2019\u00e9cole, des visites de villes, de parcs, de sites historiques ou d&rsquo;autres lieux d&rsquo;int\u00e9r\u00eat p\u00e9dagogique. Elles peuvent inclure des activit\u00e9s telles que des jeux, des d\u00e9monstrations, des discussions et des pr\u00e9sentations, ainsi que des observations et des exp\u00e9riences pratiques pour aider les \u00e9l\u00e8ves \u00e0 comprendre des concepts. <\/p>\n\n\n\n<figure class=\"wp-block-image size-large\"><img loading=\"lazy\" decoding=\"async\" width=\"1024\" height=\"1024\" src=\"http:\/\/balades-pedagogiques.fr\/wp-content\/uploads\/2023\/11\/Capture-decran-2023-11-10-114800-1024x1024.png\" alt=\"Dessins d'enfants en balade p\u00e9dagogique dans une rue pi\u00e9tonne arbor\u00e9e.\" class=\"wp-image-90\" srcset=\"https:\/\/balades-pedagogiques.fr\/wp-content\/uploads\/2023\/11\/Capture-decran-2023-11-10-114800-1024x1024.png 1024w, https:\/\/balades-pedagogiques.fr\/wp-content\/uploads\/2023\/11\/Capture-decran-2023-11-10-114800-300x300.png 300w, https:\/\/balades-pedagogiques.fr\/wp-content\/uploads\/2023\/11\/Capture-decran-2023-11-10-114800-150x150.png 150w, https:\/\/balades-pedagogiques.fr\/wp-content\/uploads\/2023\/11\/Capture-decran-2023-11-10-114800-768x769.png 768w, https:\/\/balades-pedagogiques.fr\/wp-content\/uploads\/2023\/11\/Capture-decran-2023-11-10-114800.png 1078w\" sizes=\"auto, (max-width: 1024px) 100vw, 1024px\" \/><\/figure>\n\n\n\n<div class=\"wp-block-group has-global-padding is-layout-constrained wp-block-group-is-layout-constrained\">\n<p><strong>Commun num\u00e9rique<\/strong><\/p>\n\n\n\n<p>Les balades p\u00e9dagogiques pr\u00e9sent\u00e9es sur ce site sont un <strong>commun num\u00e9rique<\/strong> initi\u00e9 par l&rsquo;association la <a href=\"https:\/\/classe-dehors.org\/?Quisommesnous\"><strong>Fabrique des Communs P\u00e9dagogiques<\/strong><\/a> et cr\u00e9\u00e9 dans le cadre des rencontres premi\u00e8res Rencontres Internationales de la Classe Dehors.<br><br>L&rsquo;initiative <a href=\"https:\/\/classe-dehors.org\/?SeLancer\"><strong>Classe Dehors<\/strong><\/a> a pour objectif de permettre \u00e0 tous les enseignants de la maternelle \u00e0 l&rsquo;universit\u00e9 de faire classe dehors  dans un espace de nature \u00e0 proximit\u00e9 de l\u2019\u00e9cole ou l\u2019\u00e9tablissement scolaire, en zone rurale comme urbaine. <\/p>\n\n\n\n<p>Les <strong>balades p\u00e9dagogiques<\/strong> : <\/p>\n\n\n\n<ul class=\"wp-block-list\">\n<li style=\"line-height:2.3\">Permettent d&rsquo;apprendre dehors <strong>sans espace vert \u00e0 disposition<\/strong>, notamment en milieu urbain. <\/li>\n\n\n\n<li style=\"line-height:2.3\">Peuvent <strong>aborder tous les domaines et niveaux<\/strong> des programmes scolaires. <\/li>\n\n\n\n<li style=\"line-height:2.3\">N&rsquo;impliquent <strong>pas de connaissance particuli\u00e8re<\/strong> pour \u00eatre abord\u00e9e.<\/li>\n\n\n\n<li style=\"line-height:2.3\">Peuvent \u00eatre <strong><a href=\"http:\/\/balades-pedagogiques.fr\/?page_id=23\">cr\u00e9\u00e9es par les \u00e9l\u00e8ves<\/a><\/strong> et mise \u00e0 disposition pour d&rsquo;autres classes en tant que <a href=\"https:\/\/classe-dehors.org\/?Quisommesnous\"><strong>commun num\u00e9rique<\/strong><\/a>.<\/li>\n<\/ul>\n\n\n\n<div style=\"height:29px\" aria-hidden=\"true\" class=\"wp-block-spacer\"><\/div>\n\n\n\n<hr class=\"wp-block-separator has-alpha-channel-opacity\"\/>\n\n\n\n<h4 class=\"wp-block-heading has-vivid-purple-color has-text-color has-link-color wp-elements-29ae0687723f1953f36ca3fc2cdd349b\"><a href=\"http:\/\/u.osmfr.org\/m\/825917\/\" target=\"_blank\" rel=\"noreferrer noopener\">Lien vers les balades sur le logiciel uMap<\/a><\/h4>\n\n\n\n<p class=\"has-black-color has-text-color has-link-color wp-elements-5a50672658e19353e2c70bcf35fd5961\">Vous devriez regarder les<a href=\"http:\/\/balades-pedagogiques.fr\/?page_id=17\"> vid\u00e9os pour la prise en main d\u2019uMap<\/a> avant de partir en balade\u2026<\/p>\n<\/div>\n","protected":false},"excerpt":{"rendered":"<p>English version Une balade p\u00e9dagogique est une activit\u00e9 \u00e9ducative qui se d\u00e9roule en dehors de l&rsquo;environnement scolaire. Elle a pour but d&rsquo;enseigner aux \u00e9l\u00e8ves des savoirs de mani\u00e8re interactive, concr\u00e8te et m\u00e9morable.Les balades p\u00e9dagogiques peuvent prendre diverses formes, telles que des promenades dans le quartier autour de l\u2019\u00e9cole, des visites de villes, de parcs, de [&hellip;]<\/p>\n","protected":false},"author":2,"featured_media":0,"parent":0,"menu_order":0,"comment_status":"closed","ping_status":"closed","template":"","meta":{"footnotes":""},"class_list":["post-8","page","type-page","status-publish","hentry"],"_links":{"self":[{"href":"https:\/\/balades-pedagogiques.fr\/?page_id=8%2Findex.php&rest_route=\/wp\/v2\/pages\/8","targetHints":{"allow":["GET"]}}],"collection":[{"href":"https:\/\/balades-pedagogiques.fr\/?page_id=8%2Findex.php&rest_route=\/wp\/v2\/pages"}],"about":[{"href":"https:\/\/balades-pedagogiques.fr\/?page_id=8%2Findex.php&rest_route=\/wp\/v2\/types\/page"}],"author":[{"embeddable":true,"href":"https:\/\/balades-pedagogiques.fr\/?page_id=8%2Findex.php&rest_route=\/wp\/v2\/users\/2"}],"replies":[{"embeddable":true,"href":"https:\/\/balades-pedagogiques.fr\/?page_id=8%2Findex.php&rest_route=%2Fwp%2Fv2%2Fcomments&post=8"}],"version-history":[{"count":19,"href":"https:\/\/balades-pedagogiques.fr\/?page_id=8%2Findex.php&rest_route=\/wp\/v2\/pages\/8\/revisions"}],"predecessor-version":[{"id":987,"href":"https:\/\/balades-pedagogiques.fr\/?page_id=8%2Findex.php&rest_route=\/wp\/v2\/pages\/8\/revisions\/987"}],"wp:attachment":[{"href":"https:\/\/balades-pedagogiques.fr\/?page_id=8%2Findex.php&rest_route=%2Fwp%2Fv2%2Fmedia&parent=8"}],"curies":[{"name":"wp","href":"https:\/\/api.w.org\/{rel}","templated":true}]}}