{"id":3,"date":"2023-11-04T18:57:36","date_gmt":"2023-11-04T17:57:36","guid":{"rendered":"http:\/\/balades-pedagogiques.fr\/?page_id=3"},"modified":"2025-10-30T23:21:00","modified_gmt":"2025-10-30T22:21:00","slug":"politique-de-confidentialite","status":"publish","type":"page","link":"https:\/\/balades-pedagogiques.fr\/?page_id=8\/?page_id=3","title":{"rendered":"Politique de confidentialit\u00e9"},"content":{"rendered":"\n<h5 class=\"wp-block-heading\" id=\"licence\">Qui suis-je&nbsp;?<\/h5>\n\n\n\n<p class=\"has-black-color has-text-color has-link-color wp-elements-0053a7d20482882c8957e18b7a43dec1\">L\u2019adresse de ce site est&nbsp;: <a href=\"http:\/\/balades-pedagogiques.fr\">http:\/\/balades-pedagogiques.fr<\/a>.<\/p>\n\n\n\n<p class=\"has-black-color has-text-color has-link-color wp-elements-a6197d39dda64cbbf101cd6f1a140e02\">Ce site a \u00e9t\u00e9 cr\u00e9\u00e9 par Herv\u00e9 Baronnet, enseignant en Gironde, en tant que membre de la <a href=\"https:\/\/fabpeda.org\/\">Fabrique des Communs P\u00e9dagogiques<\/a>. Ce site promeut un <strong>commun<\/strong>, les balades p\u00e9dagogiques de la <a href=\"https:\/\/fabpeda.org\/\">Fabrique des Communs P\u00e9dagogiques<\/a> qui a permis leur cr\u00e9ation et soutient leur d\u00e9ploiement sous <a href=\"https:\/\/creativecommons.org\/licenses\/by-sa\/4.0\/deed.fr\">licence CC By SA<\/a>. <\/p>\n\n\n\n<hr class=\"wp-block-separator has-alpha-channel-opacity\"\/>\n\n\n\n<div style=\"height:44px\" aria-hidden=\"true\" class=\"wp-block-spacer\"><\/div>\n\n\n\n<h5 class=\"wp-block-heading\" id=\"la-fabrique-des-communs-pedagogiques-c-est-quoi\">La Fabrique des Communs P\u00e9dagogiques, c\u2019est quoi ?<\/h5>\n\n\n\n<p>La Fabrique des Communs P\u00e9dagogiques (<a href=\"https:\/\/classe-dehors.org\/?FabPeda\/edit&amp;theme=margot&amp;squelette=1col.tpl.html&amp;style=margot.css&amp;newpage=1\">FabP\u00e9da <\/a>) est un incubateur francophone \u00e0 communs (ressources, communaut\u00e9s) dans l&rsquo;\u00e9ducation et la recherche. La <a href=\"https:\/\/classe-dehors.org\/?FabPeda\/edit&amp;theme=margot&amp;squelette=1col.tpl.html&amp;style=margot.css&amp;newpage=1\">FabP\u00e9da<\/a> inscrit son action dans une tradition d\u2019\u00e9ducation populaire, de transmission des savoirs et d\u2019\u00e9mergence d\u2019innovations \u00e9ducatives en p\u00e9riode de rupture. <br>La <a href=\"https:\/\/classe-dehors.org\/?FabPeda\/edit&amp;theme=margot&amp;squelette=1col.tpl.html&amp;style=margot.css&amp;newpage=1\">FabPeda<\/a> rassemble celles et ceux qui contribuent \u00e0 des communs. Elle mobilise des m\u00e9tiers vari\u00e9s : designers, architectes, enseignants, chercheurs, \u00e9ducateurs, d\u00e9veloppeurs, journalistes, artistes, ing\u00e9nieurs, etc.<br><\/p>\n\n\n\n<figure class=\"wp-block-image size-full\"><img loading=\"lazy\" decoding=\"async\" width=\"780\" height=\"459\" src=\"http:\/\/balades-pedagogiques.fr\/wp-content\/uploads\/2024\/02\/Quisommesnous_LogoFabpeda1_vignette.jpg\" alt=\"\" class=\"wp-image-990\" srcset=\"https:\/\/balades-pedagogiques.fr\/wp-content\/uploads\/2024\/02\/Quisommesnous_LogoFabpeda1_vignette.jpg 780w, https:\/\/balades-pedagogiques.fr\/wp-content\/uploads\/2024\/02\/Quisommesnous_LogoFabpeda1_vignette-300x177.jpg 300w, https:\/\/balades-pedagogiques.fr\/wp-content\/uploads\/2024\/02\/Quisommesnous_LogoFabpeda1_vignette-768x452.jpg 768w\" sizes=\"auto, (max-width: 780px) 100vw, 780px\" \/><\/figure>\n\n\n\n<h5 class=\"wp-block-heading\">Contact<\/h5>\n\n\n\n<p class=\"has-black-color has-text-color has-link-color wp-elements-cdd7e49f6f1af53d62f2030c14f7f810\">Vous pouvez m&rsquo;\u00e9crire \u00e0 : <a href=\"mailto:contact@balades-pedagogiques.fr\">contact@balades-pedagogiques.fr<\/a> et les contributions sont encourag\u00e9es <\/p>\n\n\n\n<div style=\"height:37px\" aria-hidden=\"true\" class=\"wp-block-spacer\"><\/div>\n\n\n\n<h5 class=\"wp-block-heading\">M\u00e9dias<\/h5>\n\n\n\n<p class=\"has-black-color has-text-color has-link-color wp-elements-f26ae702dc5c04df925ebf57d247c7bf\"><strong>Ce site a \u00e9t\u00e9 enti\u00e8rement r\u00e9alis\u00e9 avec des <a href=\"https:\/\/fr.wikipedia.org\/wiki\/Logiciel_libre\">logiciels libres<\/a>.<\/strong><\/p>\n\n\n\n<p>Structure du site : <strong>WordPress<\/strong>, capture d&rsquo;\u00e9cran et enregistrement vid\u00e9o : <strong>OBS<\/strong>, montage vid\u00e9o : <strong>OpenShot<\/strong>, traitement de texte : <strong>LibreOffice<\/strong><\/p>\n\n\n\n<p class=\"has-black-color has-text-color has-link-color wp-elements-a2d21543b1c4b3aaca9de23c8389630b\">Les balades ont \u00e9t\u00e9 cr\u00e9\u00e9es avec le logiciel <strong>uMap <\/strong>et utilisent les donn\u00e9es <a href=\"https:\/\/fr.wikipedia.org\/wiki\/OpenStreetMap\"><strong>OpenStreetMap<\/strong><\/a><\/p>\n\n\n\n<div style=\"height:36px\" aria-hidden=\"true\" class=\"wp-block-spacer\"><\/div>\n\n\n\n<h5 class=\"wp-block-heading\" id=\"confidentialite\">Utilisation et transmission de vos donn\u00e9es personnelles<\/h5>\n\n\n\n<p>Ce site ne r\u00e9cup\u00e8re aucune de vos donn\u00e9es personnelles.<\/p>\n\n\n\n<div style=\"height:39px\" aria-hidden=\"true\" class=\"wp-block-spacer\"><\/div>\n\n\n\n<h5 class=\"wp-block-heading\">Cookies<\/h5>\n\n\n\n<p>Aucun cookie n&rsquo;est utilis\u00e9 dans ce site.<\/p>\n\n\n\n<p><\/p>\n","protected":false},"excerpt":{"rendered":"<p>Qui suis-je&nbsp;? L\u2019adresse de ce site est&nbsp;: http:\/\/balades-pedagogiques.fr. Ce site a \u00e9t\u00e9 cr\u00e9\u00e9 par Herv\u00e9 Baronnet, enseignant en Gironde, en tant que membre de la Fabrique des Communs P\u00e9dagogiques. Ce site promeut un commun, les balades p\u00e9dagogiques de la Fabrique des Communs P\u00e9dagogiques qui a permis leur cr\u00e9ation et soutient leur d\u00e9ploiement sous licence CC [&hellip;]<\/p>\n","protected":false},"author":1,"featured_media":0,"parent":0,"menu_order":0,"comment_status":"closed","ping_status":"open","template":"","meta":{"footnotes":""},"class_list":["post-3","page","type-page","status-publish","hentry"],"_links":{"self":[{"href":"https:\/\/balades-pedagogiques.fr\/?page_id=8%2Findex.php&rest_route=\/wp\/v2\/pages\/3","targetHints":{"allow":["GET"]}}],"collection":[{"href":"https:\/\/balades-pedagogiques.fr\/?page_id=8%2Findex.php&rest_route=\/wp\/v2\/pages"}],"about":[{"href":"https:\/\/balades-pedagogiques.fr\/?page_id=8%2Findex.php&rest_route=\/wp\/v2\/types\/page"}],"author":[{"embeddable":true,"href":"https:\/\/balades-pedagogiques.fr\/?page_id=8%2Findex.php&rest_route=\/wp\/v2\/users\/1"}],"replies":[{"embeddable":true,"href":"https:\/\/balades-pedagogiques.fr\/?page_id=8%2Findex.php&rest_route=%2Fwp%2Fv2%2Fcomments&post=3"}],"version-history":[{"count":23,"href":"https:\/\/balades-pedagogiques.fr\/?page_id=8%2Findex.php&rest_route=\/wp\/v2\/pages\/3\/revisions"}],"predecessor-version":[{"id":1009,"href":"https:\/\/balades-pedagogiques.fr\/?page_id=8%2Findex.php&rest_route=\/wp\/v2\/pages\/3\/revisions\/1009"}],"wp:attachment":[{"href":"https:\/\/balades-pedagogiques.fr\/?page_id=8%2Findex.php&rest_route=%2Fwp%2Fv2%2Fmedia&parent=3"}],"curies":[{"name":"wp","href":"https:\/\/api.w.org\/{rel}","templated":true}]}}