{"id":23,"date":"2023-10-22T10:36:25","date_gmt":"2023-10-22T08:36:25","guid":{"rendered":"https:\/\/rvbaronnet8.wordpress.com\/?page_id=23"},"modified":"2023-12-08T08:27:30","modified_gmt":"2023-12-08T07:27:30","slug":"creation","status":"publish","type":"page","link":"https:\/\/balades-pedagogiques.fr\/?page_id=8\/?page_id=23","title":{"rendered":"Cr\u00e9ation"},"content":{"rendered":"\n<p class=\"has-vivid-cyan-blue-color has-text-color has-link-color wp-elements-998bfa84edb061d4c23695234fa15a3a\"><a href=\"https:\/\/drive.google.com\/file\/d\/1elslZI9l9JULISIgjR_a-qbTCgWBEqX-\/view?usp=sharing\" target=\"_blank\" rel=\"noreferrer noopener\">Pas \u00e0 pas pour cr\u00e9er des balades p\u00e9dagogiques<\/a><\/p>\n\n\n\n<hr class=\"wp-block-separator has-alpha-channel-opacity\"\/>\n\n\n\n<figure class=\"wp-block-image size-large\"><a href=\"https:\/\/drive.google.com\/file\/d\/1elslZI9l9JULISIgjR_a-qbTCgWBEqX-\/view?usp=sharing\" target=\"_blank\" rel=\"noreferrer noopener\"><img decoding=\"async\" src=\"https:\/\/rvbaronnet8.files.wordpress.com\/2023\/10\/capture-decran-creation-balades-sur-umap.png?w=827\" alt=\"Capture d'\u00e9cran de la documentation de cr\u00e9ation d'une balade sur uMap.\" class=\"wp-image-69\"\/><\/a><\/figure>\n\n\n\n<p class=\"has-text-align-right has-vivid-cyan-blue-color has-text-color has-link-color wp-elements-30e22e5d1b3a7d181a664fd0e5f4882a\"><a href=\"https:\/\/drive.google.com\/file\/d\/1elslZI9l9JULISIgjR_a-qbTCgWBEqX-\/view?usp=sharing\" target=\"_blank\" rel=\"noreferrer noopener\">Pas \u00e0 pas pour cr\u00e9er des balades p\u00e9dagogiques<\/a><\/p>\n\n\n\n<figure class=\"wp-block-image size-full\"><img loading=\"lazy\" decoding=\"async\" width=\"537\" height=\"531\" src=\"http:\/\/balades-pedagogiques.fr\/wp-content\/uploads\/2023\/11\/Capture-decran-2023-11-10-140922.png\" alt=\"dessin d'enfants qui marchent dans une rue \" class=\"wp-image-114\" srcset=\"https:\/\/balades-pedagogiques.fr\/wp-content\/uploads\/2023\/11\/Capture-decran-2023-11-10-140922.png 537w, https:\/\/balades-pedagogiques.fr\/wp-content\/uploads\/2023\/11\/Capture-decran-2023-11-10-140922-300x297.png 300w\" sizes=\"auto, (max-width: 537px) 100vw, 537px\" \/><\/figure>\n\n\n\n<hr class=\"wp-block-separator has-alpha-channel-opacity\"\/>\n","protected":false},"excerpt":{"rendered":"<p>Pas \u00e0 pas pour cr\u00e9er des balades p\u00e9dagogiques Pas \u00e0 pas pour cr\u00e9er des balades p\u00e9dagogiques<\/p>\n","protected":false},"author":2,"featured_media":0,"parent":0,"menu_order":0,"comment_status":"closed","ping_status":"closed","template":"","meta":{"footnotes":""},"class_list":["post-23","page","type-page","status-publish","hentry"],"_links":{"self":[{"href":"https:\/\/balades-pedagogiques.fr\/?page_id=8%2Findex.php&rest_route=\/wp\/v2\/pages\/23","targetHints":{"allow":["GET"]}}],"collection":[{"href":"https:\/\/balades-pedagogiques.fr\/?page_id=8%2Findex.php&rest_route=\/wp\/v2\/pages"}],"about":[{"href":"https:\/\/balades-pedagogiques.fr\/?page_id=8%2Findex.php&rest_route=\/wp\/v2\/types\/page"}],"author":[{"embeddable":true,"href":"https:\/\/balades-pedagogiques.fr\/?page_id=8%2Findex.php&rest_route=\/wp\/v2\/users\/2"}],"replies":[{"embeddable":true,"href":"https:\/\/balades-pedagogiques.fr\/?page_id=8%2Findex.php&rest_route=%2Fwp%2Fv2%2Fcomments&post=23"}],"version-history":[{"count":5,"href":"https:\/\/balades-pedagogiques.fr\/?page_id=8%2Findex.php&rest_route=\/wp\/v2\/pages\/23\/revisions"}],"predecessor-version":[{"id":976,"href":"https:\/\/balades-pedagogiques.fr\/?page_id=8%2Findex.php&rest_route=\/wp\/v2\/pages\/23\/revisions\/976"}],"wp:attachment":[{"href":"https:\/\/balades-pedagogiques.fr\/?page_id=8%2Findex.php&rest_route=%2Fwp%2Fv2%2Fmedia&parent=23"}],"curies":[{"name":"wp","href":"https:\/\/api.w.org\/{rel}","templated":true}]}}