{"id":17,"date":"2023-10-22T10:33:36","date_gmt":"2023-10-22T08:33:36","guid":{"rendered":"https:\/\/rvbaronnet8.wordpress.com\/?page_id=17"},"modified":"2023-11-29T17:00:15","modified_gmt":"2023-11-29T16:00:15","slug":"prise-en-main","status":"publish","type":"page","link":"https:\/\/balades-pedagogiques.fr\/?page_id=8\/?page_id=17","title":{"rendered":"Prise en main"},"content":{"rendered":"\n<p>Cette vid\u00e9o va vous faire d\u00e9couvrir des <strong>fonctionnalit\u00e9s de base<\/strong>, tel que le <strong>d\u00e9placement <\/strong>sur la carte, le <strong>zoom<\/strong>, les  <strong>filtres <\/strong>pour le choix de certaines balades et ainsi <strong>am\u00e9liorer la lisibilit\u00e9 de la carte<\/strong> :<\/p>\n\n\n\n<figure class=\"wp-block-video\"><video height=\"720\" style=\"aspect-ratio: 1280 \/ 720;\" width=\"1280\" controls src=\"http:\/\/balades-pedagogiques.fr\/wp-content\/uploads\/2023\/11\/Mieux-visualiser-les-balades-1.mp4\"><\/video><\/figure>\n\n\n\n<hr class=\"wp-block-separator has-alpha-channel-opacity\"\/>\n\n\n\n<p>Cette vid\u00e9o va vous faire d\u00e9couvrir les fonctionnalit\u00e9s permettant la <strong>recherche d&rsquo;un lieu<\/strong> et de <strong>mesurer une distance<\/strong> sur la carte :<\/p>\n\n\n\n<figure class=\"wp-block-video\"><video height=\"720\" style=\"aspect-ratio: 1280 \/ 720;\" width=\"1280\" controls src=\"http:\/\/balades-pedagogiques.fr\/wp-content\/uploads\/2023\/11\/Se-reperer-et-mesurer-des-distances.mp4\"><\/video><\/figure>\n","protected":false},"excerpt":{"rendered":"<p>Cette vid\u00e9o va vous faire d\u00e9couvrir des fonctionnalit\u00e9s de base, tel que le d\u00e9placement sur la carte, le zoom, les filtres pour le choix de certaines balades et ainsi am\u00e9liorer la lisibilit\u00e9 de la carte : Cette vid\u00e9o va vous faire d\u00e9couvrir les fonctionnalit\u00e9s permettant la recherche d&rsquo;un lieu et de mesurer une distance sur [&hellip;]<\/p>\n","protected":false},"author":2,"featured_media":0,"parent":0,"menu_order":0,"comment_status":"closed","ping_status":"closed","template":"","meta":{"footnotes":""},"class_list":["post-17","page","type-page","status-publish","hentry"],"_links":{"self":[{"href":"https:\/\/balades-pedagogiques.fr\/?page_id=8%2Findex.php&rest_route=\/wp\/v2\/pages\/17","targetHints":{"allow":["GET"]}}],"collection":[{"href":"https:\/\/balades-pedagogiques.fr\/?page_id=8%2Findex.php&rest_route=\/wp\/v2\/pages"}],"about":[{"href":"https:\/\/balades-pedagogiques.fr\/?page_id=8%2Findex.php&rest_route=\/wp\/v2\/types\/page"}],"author":[{"embeddable":true,"href":"https:\/\/balades-pedagogiques.fr\/?page_id=8%2Findex.php&rest_route=\/wp\/v2\/users\/2"}],"replies":[{"embeddable":true,"href":"https:\/\/balades-pedagogiques.fr\/?page_id=8%2Findex.php&rest_route=%2Fwp%2Fv2%2Fcomments&post=17"}],"version-history":[{"count":4,"href":"https:\/\/balades-pedagogiques.fr\/?page_id=8%2Findex.php&rest_route=\/wp\/v2\/pages\/17\/revisions"}],"predecessor-version":[{"id":958,"href":"https:\/\/balades-pedagogiques.fr\/?page_id=8%2Findex.php&rest_route=\/wp\/v2\/pages\/17\/revisions\/958"}],"wp:attachment":[{"href":"https:\/\/balades-pedagogiques.fr\/?page_id=8%2Findex.php&rest_route=%2Fwp%2Fv2%2Fmedia&parent=17"}],"curies":[{"name":"wp","href":"https:\/\/api.w.org\/{rel}","templated":true}]}}